{"id":7085,"date":"2025-01-20T22:09:00","date_gmt":"2025-01-20T22:09:00","guid":{"rendered":"https:\/\/tutatorforward.com\/contacto-2\/"},"modified":"2025-03-31T21:46:28","modified_gmt":"2025-03-31T21:46:28","slug":"contacto","status":"publish","type":"page","link":"https:\/\/tutatorforward.com\/es\/contacto\/","title":{"rendered":"Contacto"},"content":{"rendered":"\t\t<div data-elementor-type=\"wp-page\" data-elementor-id=\"7085\" class=\"elementor elementor-7085 elementor-7032\" data-elementor-post-type=\"page\">\n\t\t\t\t<div class=\"elementor-element elementor-element-19cc3f2 e-flex e-con-boxed e-con e-parent\" data-id=\"19cc3f2\" data-element_type=\"container\">\n\t\t\t\t\t<div class=\"e-con-inner\">\n\t\t\t\t<div class=\"elementor-element elementor-element-cea255c section-mainTitle elementor-hidden-tablet elementor-hidden-mobile elementor-widget elementor-widget-heading\" data-id=\"cea255c\" data-element_type=\"widget\" data-widget_type=\"heading.default\">\n\t\t\t\t<div class=\"elementor-widget-container\">\n\t\t\t\t\t<h2 class=\"elementor-heading-title elementor-size-default\">Cont\u00e1ctenos<\/h2>\t\t\t\t<\/div>\n\t\t\t\t<\/div>\n\t\t\t\t<div class=\"elementor-element elementor-element-02f6b97 elementor-hidden-desktop section-title elementor-widget elementor-widget-heading\" data-id=\"02f6b97\" data-element_type=\"widget\" data-widget_type=\"heading.default\">\n\t\t\t\t<div class=\"elementor-widget-container\">\n\t\t\t\t\t<h1 class=\"elementor-heading-title elementor-size-default\">Cont\u00e1ctenos<\/h1>\t\t\t\t<\/div>\n\t\t\t\t<\/div>\n\t\t\t\t\t<\/div>\n\t\t\t\t<\/div>\n\t\t<div class=\"elementor-element elementor-element-8487007 e-flex e-con-boxed e-con e-parent\" data-id=\"8487007\" data-element_type=\"container\">\n\t\t\t\t\t<div class=\"e-con-inner\">\n\t\t<div class=\"elementor-element elementor-element-c3791de e-con-full e-flex e-con e-child\" data-id=\"c3791de\" data-element_type=\"container\">\n\t\t\t\t<div class=\"elementor-element elementor-element-bacd712 elementor-widget elementor-widget-image\" data-id=\"bacd712\" data-element_type=\"widget\" data-widget_type=\"image.default\">\n\t\t\t\t<div class=\"elementor-widget-container\">\n\t\t\t\t\t\t\t\t\t\t\t\t\t\t\t<img decoding=\"async\" width=\"1\" height=\"1\" src=\"https:\/\/tutatorforward.com\/wp-content\/uploads\/2025\/03\/yellow-line-1.svg\" class=\"attachment-large size-large wp-image-7040\" alt=\"\" \/>\t\t\t\t\t\t\t\t\t\t\t\t\t\t\t<\/div>\n\t\t\t\t<\/div>\n\t\t\t\t<div class=\"elementor-element elementor-element-1662093 elementor-widget elementor-widget-text-editor\" data-id=\"1662093\" data-element_type=\"widget\" data-widget_type=\"text-editor.default\">\n\t\t\t\t<div class=\"elementor-widget-container\">\n\t\t\t\t\t\t\t\t\t<p><strong>Fundaci\u00f3n Tutator<\/strong> es una organizaci\u00f3n sin fines de lucro suiza y parte del <strong>Grupo Tutator.<\/strong> Nos especializamos en el desarrollo de soluciones de software personalizadas para el <strong>impacto social,<\/strong> aprovechando la experiencia de nuestro equipo en <strong>tecnolog\u00eda y derechos humanos.<\/strong> Con una trayectoria que abarca desde la ingenier\u00eda Silicon Valley hasta iniciativas sociales a nivel global, empoderamos a las organizaciones creando <strong>herramientas innovadoras adaptadas a sus necesidades.<\/strong><\/p>\n\t\t\t\t\t\t\t\t<\/div>\n\t\t\t\t<\/div>\n\t\t\t\t<div class=\"elementor-element elementor-element-dfbacdc elementor-widget elementor-widget-image\" data-id=\"dfbacdc\" data-element_type=\"widget\" data-widget_type=\"image.default\">\n\t\t\t\t<div class=\"elementor-widget-container\">\n\t\t\t\t\t\t\t\t\t\t\t\t\t\t\t<img decoding=\"async\" width=\"1\" height=\"1\" src=\"https:\/\/tutatorforward.com\/wp-content\/uploads\/2025\/03\/blue-line-1.svg\" class=\"attachment-large size-large wp-image-7043\" alt=\"\" \/>\t\t\t\t\t\t\t\t\t\t\t\t\t\t\t<\/div>\n\t\t\t\t<\/div>\n\t\t\t\t<\/div>\n\t\t<div class=\"elementor-element elementor-element-89a0e3b e-con-full e-flex e-con e-child\" data-id=\"89a0e3b\" data-element_type=\"container\">\n\t\t\t\t<div class=\"elementor-element elementor-element-9d66bde elementor-widget elementor-widget-heading\" data-id=\"9d66bde\" data-element_type=\"widget\" data-widget_type=\"heading.default\">\n\t\t\t\t<div class=\"elementor-widget-container\">\n\t\t\t\t\t<h2 class=\"elementor-heading-title elementor-size-default\">Si tienes alguna pregunta, no dudes en contactarnos en:<\/h2>\t\t\t\t<\/div>\n\t\t\t\t<\/div>\n\t\t\t\t<div class=\"elementor-element elementor-element-4f083ed elementor-align-center elementor-widget elementor-widget-button\" data-id=\"4f083ed\" data-element_type=\"widget\" data-widget_type=\"button.default\">\n\t\t\t\t<div class=\"elementor-widget-container\">\n\t\t\t\t\t\t\t\t\t<div class=\"elementor-button-wrapper\">\n\t\t\t\t\t<a class=\"elementor-button elementor-button-link elementor-size-sm\" href=\"mailto:forward@fondationtutator.ch\">\n\t\t\t\t\t\t<span class=\"elementor-button-content-wrapper\">\n\t\t\t\t\t\t\t\t\t<span class=\"elementor-button-text\">forward@fondationtutator.ch<\/span>\n\t\t\t\t\t<\/span>\n\t\t\t\t\t<\/a>\n\t\t\t\t<\/div>\n\t\t\t\t\t\t\t\t<\/div>\n\t\t\t\t<\/div>\n\t\t\t\t<div class=\"elementor-element elementor-element-1670242 elementor-shape-rounded elementor-grid-0 e-grid-align-center elementor-widget elementor-widget-social-icons\" data-id=\"1670242\" data-element_type=\"widget\" data-widget_type=\"social-icons.default\">\n\t\t\t\t<div class=\"elementor-widget-container\">\n\t\t\t\t\t\t\t<div class=\"elementor-social-icons-wrapper elementor-grid\">\n\t\t\t\t\t\t\t<span class=\"elementor-grid-item\">\n\t\t\t\t\t<a class=\"elementor-icon elementor-social-icon elementor-social-icon-instagram elementor-repeater-item-6ff041c\" href=\"https:\/\/www.instagram.com\/fondation.tutator\/\" target=\"_blank\">\n\t\t\t\t\t\t<span class=\"elementor-screen-only\">Instagram<\/span>\n\t\t\t\t\t\t<svg class=\"e-font-icon-svg e-fab-instagram\" viewBox=\"0 0 448 512\" xmlns=\"http:\/\/www.w3.org\/2000\/svg\"><path d=\"M224.1 141c-63.6 0-114.9 51.3-114.9 114.9s51.3 114.9 114.9 114.9S339 319.5 339 255.9 287.7 141 224.1 141zm0 189.6c-41.1 0-74.7-33.5-74.7-74.7s33.5-74.7 74.7-74.7 74.7 33.5 74.7 74.7-33.6 74.7-74.7 74.7zm146.4-194.3c0 14.9-12 26.8-26.8 26.8-14.9 0-26.8-12-26.8-26.8s12-26.8 26.8-26.8 26.8 12 26.8 26.8zm76.1 27.2c-1.7-35.9-9.9-67.7-36.2-93.9-26.2-26.2-58-34.4-93.9-36.2-37-2.1-147.9-2.1-184.9 0-35.8 1.7-67.6 9.9-93.9 36.1s-34.4 58-36.2 93.9c-2.1 37-2.1 147.9 0 184.9 1.7 35.9 9.9 67.7 36.2 93.9s58 34.4 93.9 36.2c37 2.1 147.9 2.1 184.9 0 35.9-1.7 67.7-9.9 93.9-36.2 26.2-26.2 34.4-58 36.2-93.9 2.1-37 2.1-147.8 0-184.8zM398.8 388c-7.8 19.6-22.9 34.7-42.6 42.6-29.5 11.7-99.5 9-132.1 9s-102.7 2.6-132.1-9c-19.6-7.8-34.7-22.9-42.6-42.6-11.7-29.5-9-99.5-9-132.1s-2.6-102.7 9-132.1c7.8-19.6 22.9-34.7 42.6-42.6 29.5-11.7 99.5-9 132.1-9s102.7-2.6 132.1 9c19.6 7.8 34.7 22.9 42.6 42.6 11.7 29.5 9 99.5 9 132.1s2.7 102.7-9 132.1z\"><\/path><\/svg>\t\t\t\t\t<\/a>\n\t\t\t\t<\/span>\n\t\t\t\t\t\t\t<span class=\"elementor-grid-item\">\n\t\t\t\t\t<a class=\"elementor-icon elementor-social-icon elementor-social-icon-facebook elementor-repeater-item-9ec5f4d\" href=\"https:\/\/www.facebook.com\/TutatorDevelopment\/\" target=\"_blank\">\n\t\t\t\t\t\t<span class=\"elementor-screen-only\">Facebook<\/span>\n\t\t\t\t\t\t<svg class=\"e-font-icon-svg e-fab-facebook\" viewBox=\"0 0 512 512\" xmlns=\"http:\/\/www.w3.org\/2000\/svg\"><path d=\"M504 256C504 119 393 8 256 8S8 119 8 256c0 123.78 90.69 226.38 209.25 245V327.69h-63V256h63v-54.64c0-62.15 37-96.48 93.67-96.48 27.14 0 55.52 4.84 55.52 4.84v61h-31.28c-30.8 0-40.41 19.12-40.41 38.73V256h68.78l-11 71.69h-57.78V501C413.31 482.38 504 379.78 504 256z\"><\/path><\/svg>\t\t\t\t\t<\/a>\n\t\t\t\t<\/span>\n\t\t\t\t\t\t\t<span class=\"elementor-grid-item\">\n\t\t\t\t\t<a class=\"elementor-icon elementor-social-icon elementor-social-icon-linkedin elementor-repeater-item-484e4f7\" href=\"https:\/\/www.linkedin.com\/company\/tutator\" target=\"_blank\">\n\t\t\t\t\t\t<span class=\"elementor-screen-only\">Linkedin<\/span>\n\t\t\t\t\t\t<svg class=\"e-font-icon-svg e-fab-linkedin\" viewBox=\"0 0 448 512\" xmlns=\"http:\/\/www.w3.org\/2000\/svg\"><path d=\"M416 32H31.9C14.3 32 0 46.5 0 64.3v383.4C0 465.5 14.3 480 31.9 480H416c17.6 0 32-14.5 32-32.3V64.3c0-17.8-14.4-32.3-32-32.3zM135.4 416H69V202.2h66.5V416zm-33.2-243c-21.3 0-38.5-17.3-38.5-38.5S80.9 96 102.2 96c21.2 0 38.5 17.3 38.5 38.5 0 21.3-17.2 38.5-38.5 38.5zm282.1 243h-66.4V312c0-24.8-.5-56.7-34.5-56.7-34.6 0-39.9 27-39.9 54.9V416h-66.4V202.2h63.7v29.2h.9c8.9-16.8 30.6-34.5 62.9-34.5 67.2 0 79.7 44.3 79.7 101.9V416z\"><\/path><\/svg>\t\t\t\t\t<\/a>\n\t\t\t\t<\/span>\n\t\t\t\t\t<\/div>\n\t\t\t\t\t\t<\/div>\n\t\t\t\t<\/div>\n\t\t\t\t<div class=\"elementor-element elementor-element-90fd213 elementor-widget elementor-widget-heading\" data-id=\"90fd213\" data-element_type=\"widget\" data-widget_type=\"heading.default\">\n\t\t\t\t<div class=\"elementor-widget-container\">\n\t\t\t\t\t<div class=\"elementor-heading-title elementor-size-default\">Ubicaci\u00f3n<\/div>\t\t\t\t<\/div>\n\t\t\t\t<\/div>\n\t\t\t\t<div class=\"elementor-element elementor-element-6514588 elementor-widget elementor-widget-heading\" data-id=\"6514588\" data-element_type=\"widget\" data-widget_type=\"heading.default\">\n\t\t\t\t<div class=\"elementor-widget-container\">\n\t\t\t\t\t<div class=\"elementor-heading-title elementor-size-default\">Nyon, Suiza<\/div>\t\t\t\t<\/div>\n\t\t\t\t<\/div>\n\t\t\t\t<\/div>\n\t\t\t\t\t<\/div>\n\t\t\t\t<\/div>\n\t\t\t\t<\/div>\n\t\t","protected":false},"excerpt":{"rendered":"<p>Cont\u00e1ctenos Cont\u00e1ctenos Fundaci\u00f3n Tutator es una organizaci\u00f3n sin fines de lucro suiza y parte del Grupo Tutator. Nos especializamos en el desarrollo de soluciones de software personalizadas para el impacto social, aprovechando la experiencia de nuestro equipo en tecnolog\u00eda y derechos humanos. Con una trayectoria que abarca desde la ingenier\u00eda Silicon Valley hasta iniciativas sociales [&hellip;]<\/p>\n","protected":false},"author":1,"featured_media":0,"parent":0,"menu_order":0,"comment_status":"closed","ping_status":"closed","template":"","meta":{"_jet_sm_ready_style":"","_jet_sm_style":"","_jet_sm_controls_values":"","_jet_sm_fonts_collection":"","_jet_sm_fonts_links":"","footnotes":""},"class_list":["post-7085","page","type-page","status-publish","hentry"],"yoast_head":"<!-- This site is optimized with the Yoast SEO plugin v27.4 - https:\/\/yoast.com\/product\/yoast-seo-wordpress\/ -->\n<title>Contacto - Tutator Forward<\/title>\n<meta name=\"description\" content=\"Has aterrizado en nuestra P\u00e1gina de Contacto, y estamos aqu\u00ed para ayudarte. Rellena el siguiente formulario para que podamos atender tus necesidades.\" \/>\n<meta name=\"robots\" content=\"index, follow, max-snippet:-1, max-image-preview:large, max-video-preview:-1\" \/>\n<link rel=\"canonical\" href=\"https:\/\/tutatorforward.com\/es\/contacto\/\" \/>\n<meta property=\"og:locale\" content=\"es_ES\" \/>\n<meta property=\"og:type\" content=\"article\" \/>\n<meta property=\"og:title\" content=\"Contacto - Tutator Forward\" \/>\n<meta property=\"og:description\" content=\"Has aterrizado en nuestra P\u00e1gina de Contacto, y estamos aqu\u00ed para ayudarte. Rellena el siguiente formulario para que podamos atender tus necesidades.\" \/>\n<meta property=\"og:url\" content=\"https:\/\/tutatorforward.com\/es\/contacto\/\" \/>\n<meta property=\"og:site_name\" content=\"Tutator Forward\" \/>\n<meta property=\"article:publisher\" content=\"https:\/\/www.facebook.com\/TutatorDevelopment\" \/>\n<meta property=\"article:modified_time\" content=\"2025-03-31T21:46:28+00:00\" \/>\n<meta property=\"og:image\" content=\"https:\/\/tutatorforward.com\/wp-content\/uploads\/2023\/05\/Logo.png\" \/>\n\t<meta property=\"og:image:width\" content=\"128\" \/>\n\t<meta property=\"og:image:height\" content=\"64\" \/>\n\t<meta property=\"og:image:type\" content=\"image\/png\" \/>\n<meta name=\"twitter:card\" content=\"summary_large_image\" \/>\n<meta name=\"twitter:site\" content=\"@TutatorDev\" \/>\n<script type=\"application\/ld+json\" class=\"yoast-schema-graph\">{\"@context\":\"https:\\\/\\\/schema.org\",\"@graph\":[{\"@type\":\"WebPage\",\"@id\":\"https:\\\/\\\/tutatorforward.com\\\/es\\\/contacto\\\/\",\"url\":\"https:\\\/\\\/tutatorforward.com\\\/es\\\/contacto\\\/\",\"name\":\"Contacto - Tutator Forward\",\"isPartOf\":{\"@id\":\"https:\\\/\\\/tutatorforward.com\\\/es\\\/#website\"},\"primaryImageOfPage\":{\"@id\":\"https:\\\/\\\/tutatorforward.com\\\/es\\\/contacto\\\/#primaryimage\"},\"image\":{\"@id\":\"https:\\\/\\\/tutatorforward.com\\\/es\\\/contacto\\\/#primaryimage\"},\"thumbnailUrl\":\"https:\\\/\\\/tutatorforward.com\\\/wp-content\\\/uploads\\\/2025\\\/03\\\/yellow-line-1.svg\",\"datePublished\":\"2025-01-20T22:09:00+00:00\",\"dateModified\":\"2025-03-31T21:46:28+00:00\",\"description\":\"Has aterrizado en nuestra P\u00e1gina de Contacto, y estamos aqu\u00ed para ayudarte. Rellena el siguiente formulario para que podamos atender tus necesidades.\",\"breadcrumb\":{\"@id\":\"https:\\\/\\\/tutatorforward.com\\\/es\\\/contacto\\\/#breadcrumb\"},\"inLanguage\":\"es\",\"potentialAction\":[{\"@type\":\"ReadAction\",\"target\":[\"https:\\\/\\\/tutatorforward.com\\\/es\\\/contacto\\\/\"]}]},{\"@type\":\"ImageObject\",\"inLanguage\":\"es\",\"@id\":\"https:\\\/\\\/tutatorforward.com\\\/es\\\/contacto\\\/#primaryimage\",\"url\":\"https:\\\/\\\/tutatorforward.com\\\/wp-content\\\/uploads\\\/2025\\\/03\\\/yellow-line-1.svg\",\"contentUrl\":\"https:\\\/\\\/tutatorforward.com\\\/wp-content\\\/uploads\\\/2025\\\/03\\\/yellow-line-1.svg\"},{\"@type\":\"BreadcrumbList\",\"@id\":\"https:\\\/\\\/tutatorforward.com\\\/es\\\/contacto\\\/#breadcrumb\",\"itemListElement\":[{\"@type\":\"ListItem\",\"position\":1,\"name\":\"Home\",\"item\":\"https:\\\/\\\/tutatorforward.com\\\/es\\\/\"},{\"@type\":\"ListItem\",\"position\":2,\"name\":\"Contacto\"}]},{\"@type\":\"WebSite\",\"@id\":\"https:\\\/\\\/tutatorforward.com\\\/es\\\/#website\",\"url\":\"https:\\\/\\\/tutatorforward.com\\\/es\\\/\",\"name\":\"Tutator Forward\",\"description\":\"\",\"publisher\":{\"@id\":\"https:\\\/\\\/tutatorforward.com\\\/es\\\/#organization\"},\"potentialAction\":[{\"@type\":\"SearchAction\",\"target\":{\"@type\":\"EntryPoint\",\"urlTemplate\":\"https:\\\/\\\/tutatorforward.com\\\/es\\\/?s={search_term_string}\"},\"query-input\":{\"@type\":\"PropertyValueSpecification\",\"valueRequired\":true,\"valueName\":\"search_term_string\"}}],\"inLanguage\":\"es\"},{\"@type\":\"Organization\",\"@id\":\"https:\\\/\\\/tutatorforward.com\\\/es\\\/#organization\",\"name\":\"Fondation Tutator\",\"url\":\"https:\\\/\\\/tutatorforward.com\\\/es\\\/\",\"logo\":{\"@type\":\"ImageObject\",\"inLanguage\":\"es\",\"@id\":\"https:\\\/\\\/tutatorforward.com\\\/es\\\/#\\\/schema\\\/logo\\\/image\\\/\",\"url\":\"https:\\\/\\\/tutatorforward.com\\\/wp-content\\\/uploads\\\/2023\\\/05\\\/Logo_Tutator_FWD_H.png\",\"contentUrl\":\"https:\\\/\\\/tutatorforward.com\\\/wp-content\\\/uploads\\\/2023\\\/05\\\/Logo_Tutator_FWD_H.png\",\"width\":144,\"height\":40,\"caption\":\"Fondation Tutator\"},\"image\":{\"@id\":\"https:\\\/\\\/tutatorforward.com\\\/es\\\/#\\\/schema\\\/logo\\\/image\\\/\"},\"sameAs\":[\"https:\\\/\\\/www.facebook.com\\\/TutatorDevelopment\",\"https:\\\/\\\/x.com\\\/TutatorDev\",\"https:\\\/\\\/www.instagram.com\\\/fondation.tutator\\\/\",\"https:\\\/\\\/www.linkedin.com\\\/company\\\/tutator\",\"https:\\\/\\\/www.youtube.com\\\/@tutatorfondation7155\"]}]}<\/script>\n<!-- \/ Yoast SEO plugin. -->","yoast_head_json":{"title":"Contacto - Tutator Forward","description":"Has aterrizado en nuestra P\u00e1gina de Contacto, y estamos aqu\u00ed para ayudarte. Rellena el siguiente formulario para que podamos atender tus necesidades.","robots":{"index":"index","follow":"follow","max-snippet":"max-snippet:-1","max-image-preview":"max-image-preview:large","max-video-preview":"max-video-preview:-1"},"canonical":"https:\/\/tutatorforward.com\/es\/contacto\/","og_locale":"es_ES","og_type":"article","og_title":"Contacto - Tutator Forward","og_description":"Has aterrizado en nuestra P\u00e1gina de Contacto, y estamos aqu\u00ed para ayudarte. Rellena el siguiente formulario para que podamos atender tus necesidades.","og_url":"https:\/\/tutatorforward.com\/es\/contacto\/","og_site_name":"Tutator Forward","article_publisher":"https:\/\/www.facebook.com\/TutatorDevelopment","article_modified_time":"2025-03-31T21:46:28+00:00","og_image":[{"width":128,"height":64,"url":"https:\/\/tutatorforward.com\/wp-content\/uploads\/2023\/05\/Logo.png","type":"image\/png"}],"twitter_card":"summary_large_image","twitter_site":"@TutatorDev","schema":{"@context":"https:\/\/schema.org","@graph":[{"@type":"WebPage","@id":"https:\/\/tutatorforward.com\/es\/contacto\/","url":"https:\/\/tutatorforward.com\/es\/contacto\/","name":"Contacto - Tutator Forward","isPartOf":{"@id":"https:\/\/tutatorforward.com\/es\/#website"},"primaryImageOfPage":{"@id":"https:\/\/tutatorforward.com\/es\/contacto\/#primaryimage"},"image":{"@id":"https:\/\/tutatorforward.com\/es\/contacto\/#primaryimage"},"thumbnailUrl":"https:\/\/tutatorforward.com\/wp-content\/uploads\/2025\/03\/yellow-line-1.svg","datePublished":"2025-01-20T22:09:00+00:00","dateModified":"2025-03-31T21:46:28+00:00","description":"Has aterrizado en nuestra P\u00e1gina de Contacto, y estamos aqu\u00ed para ayudarte. Rellena el siguiente formulario para que podamos atender tus necesidades.","breadcrumb":{"@id":"https:\/\/tutatorforward.com\/es\/contacto\/#breadcrumb"},"inLanguage":"es","potentialAction":[{"@type":"ReadAction","target":["https:\/\/tutatorforward.com\/es\/contacto\/"]}]},{"@type":"ImageObject","inLanguage":"es","@id":"https:\/\/tutatorforward.com\/es\/contacto\/#primaryimage","url":"https:\/\/tutatorforward.com\/wp-content\/uploads\/2025\/03\/yellow-line-1.svg","contentUrl":"https:\/\/tutatorforward.com\/wp-content\/uploads\/2025\/03\/yellow-line-1.svg"},{"@type":"BreadcrumbList","@id":"https:\/\/tutatorforward.com\/es\/contacto\/#breadcrumb","itemListElement":[{"@type":"ListItem","position":1,"name":"Home","item":"https:\/\/tutatorforward.com\/es\/"},{"@type":"ListItem","position":2,"name":"Contacto"}]},{"@type":"WebSite","@id":"https:\/\/tutatorforward.com\/es\/#website","url":"https:\/\/tutatorforward.com\/es\/","name":"Tutator Forward","description":"","publisher":{"@id":"https:\/\/tutatorforward.com\/es\/#organization"},"potentialAction":[{"@type":"SearchAction","target":{"@type":"EntryPoint","urlTemplate":"https:\/\/tutatorforward.com\/es\/?s={search_term_string}"},"query-input":{"@type":"PropertyValueSpecification","valueRequired":true,"valueName":"search_term_string"}}],"inLanguage":"es"},{"@type":"Organization","@id":"https:\/\/tutatorforward.com\/es\/#organization","name":"Fondation Tutator","url":"https:\/\/tutatorforward.com\/es\/","logo":{"@type":"ImageObject","inLanguage":"es","@id":"https:\/\/tutatorforward.com\/es\/#\/schema\/logo\/image\/","url":"https:\/\/tutatorforward.com\/wp-content\/uploads\/2023\/05\/Logo_Tutator_FWD_H.png","contentUrl":"https:\/\/tutatorforward.com\/wp-content\/uploads\/2023\/05\/Logo_Tutator_FWD_H.png","width":144,"height":40,"caption":"Fondation Tutator"},"image":{"@id":"https:\/\/tutatorforward.com\/es\/#\/schema\/logo\/image\/"},"sameAs":["https:\/\/www.facebook.com\/TutatorDevelopment","https:\/\/x.com\/TutatorDev","https:\/\/www.instagram.com\/fondation.tutator\/","https:\/\/www.linkedin.com\/company\/tutator","https:\/\/www.youtube.com\/@tutatorfondation7155"]}]}},"_links":{"self":[{"href":"https:\/\/tutatorforward.com\/es\/wp-json\/wp\/v2\/pages\/7085","targetHints":{"allow":["GET"]}}],"collection":[{"href":"https:\/\/tutatorforward.com\/es\/wp-json\/wp\/v2\/pages"}],"about":[{"href":"https:\/\/tutatorforward.com\/es\/wp-json\/wp\/v2\/types\/page"}],"author":[{"embeddable":true,"href":"https:\/\/tutatorforward.com\/es\/wp-json\/wp\/v2\/users\/1"}],"replies":[{"embeddable":true,"href":"https:\/\/tutatorforward.com\/es\/wp-json\/wp\/v2\/comments?post=7085"}],"version-history":[{"count":1,"href":"https:\/\/tutatorforward.com\/es\/wp-json\/wp\/v2\/pages\/7085\/revisions"}],"predecessor-version":[{"id":7086,"href":"https:\/\/tutatorforward.com\/es\/wp-json\/wp\/v2\/pages\/7085\/revisions\/7086"}],"wp:attachment":[{"href":"https:\/\/tutatorforward.com\/es\/wp-json\/wp\/v2\/media?parent=7085"}],"curies":[{"name":"wp","href":"https:\/\/api.w.org\/{rel}","templated":true}]}}