{"id":6963,"date":"2025-03-17T04:21:30","date_gmt":"2025-03-17T04:21:30","guid":{"rendered":"https:\/\/tutatorforward.com\/inicio-3\/"},"modified":"2025-08-19T18:35:00","modified_gmt":"2025-08-19T18:35:00","slug":"inicio-3","status":"publish","type":"page","link":"https:\/\/tutatorforward.com\/es\/inicio-3\/","title":{"rendered":"Inicio"},"content":{"rendered":"\t\t<div data-elementor-type=\"wp-page\" data-elementor-id=\"6963\" class=\"elementor elementor-6963 elementor-6799\" data-elementor-post-type=\"page\">\n\t\t\t\t<div class=\"elementor-element elementor-element-0b7c87c e-flex e-con-boxed e-con e-parent\" data-id=\"0b7c87c\" data-element_type=\"container\" data-settings=\"{&quot;background_background&quot;:&quot;classic&quot;}\">\n\t\t\t\t\t<div class=\"e-con-inner\">\n\t\t<div class=\"elementor-element elementor-element-e6d0edd e-con-full e-flex e-con e-child\" data-id=\"e6d0edd\" data-element_type=\"container\">\n\t\t\t\t<div class=\"elementor-element elementor-element-9e12a78 elementor-widget elementor-widget-heading\" data-id=\"9e12a78\" data-element_type=\"widget\" data-widget_type=\"heading.default\">\n\t\t\t\t<div class=\"elementor-widget-container\">\n\t\t\t\t\t<h1 class=\"elementor-heading-title elementor-size-default\">Tutator Forward 2025: <span style=\"color:#444\">Impulsando el cambio a trav\u00e9s de la Tecnolog\u00eda<\/span><\/h1>\t\t\t\t<\/div>\n\t\t\t\t<\/div>\n\t\t\t\t<div class=\"elementor-element elementor-element-5a95d6d elementor-widget elementor-widget-text-editor\" data-id=\"5a95d6d\" data-element_type=\"widget\" data-widget_type=\"text-editor.default\">\n\t\t\t\t<div class=\"elementor-widget-container\">\n\t\t\t\t\t\t\t\t\t<p>Nuestro programa de subvenciones en especie se asocia con organizaciones como la tuya para crear soluciones digitales personalizadas que impulsen un impacto social y medioambiental real. \u00bfEst\u00e1s preparado para impulsar tu misi\u00f3n con una tecnolog\u00eda hecha a tu medida? <\/p>\t\t\t\t\t\t\t\t<\/div>\n\t\t\t\t<\/div>\n\t\t\t\t<div class=\"elementor-element elementor-element-6eadba9 elementor-mobile-align-justify front-link elementor-widget elementor-widget-button\" data-id=\"6eadba9\" data-element_type=\"widget\" data-widget_type=\"button.default\">\n\t\t\t\t<div class=\"elementor-widget-container\">\n\t\t\t\t\t\t\t\t\t<div class=\"elementor-button-wrapper\">\n\t\t\t\t\t<a class=\"elementor-button elementor-button-link elementor-size-sm\" href=\"https:\/\/tutatorforward.com\/es\/convocatoria\/\">\n\t\t\t\t\t\t<span class=\"elementor-button-content-wrapper\">\n\t\t\t\t\t\t<span class=\"elementor-button-icon\">\n\t\t\t\t<svg aria-hidden=\"true\" class=\"e-font-icon-svg e-fas-arrow-right\" viewBox=\"0 0 448 512\" xmlns=\"http:\/\/www.w3.org\/2000\/svg\"><path d=\"M190.5 66.9l22.2-22.2c9.4-9.4 24.6-9.4 33.9 0L441 239c9.4 9.4 9.4 24.6 0 33.9L246.6 467.3c-9.4 9.4-24.6 9.4-33.9 0l-22.2-22.2c-9.5-9.5-9.3-25 .4-34.3L311.4 296H24c-13.3 0-24-10.7-24-24v-32c0-13.3 10.7-24 24-24h287.4L190.9 101.2c-9.8-9.3-10-24.8-.4-34.3z\"><\/path><\/svg>\t\t\t<\/span>\n\t\t\t\t\t\t\t\t\t<span class=\"elementor-button-text\">Conoce m\u00e1s<\/span>\n\t\t\t\t\t<\/span>\n\t\t\t\t\t<\/a>\n\t\t\t\t<\/div>\n\t\t\t\t\t\t\t\t<\/div>\n\t\t\t\t<\/div>\n\t\t\t\t<\/div>\n\t\t\t\t\t<\/div>\n\t\t\t\t<\/div>\n\t\t<div class=\"elementor-element elementor-element-086432a elementor-hidden-desktop elementor-hidden-tablet e-flex e-con-boxed e-con e-parent\" data-id=\"086432a\" data-element_type=\"container\">\n\t\t\t\t\t<div class=\"e-con-inner\">\n\t\t\t\t<div class=\"elementor-element elementor-element-132639e elementor-widget elementor-widget-image\" data-id=\"132639e\" data-element_type=\"widget\" data-widget_type=\"image.default\">\n\t\t\t\t<div class=\"elementor-widget-container\">\n\t\t\t\t\t\t\t\t\t\t\t\t\t\t\t<img fetchpriority=\"high\" decoding=\"async\" width=\"691\" height=\"756\" src=\"https:\/\/tutatorforward.com\/wp-content\/uploads\/2025\/03\/home-image.png\" class=\"attachment-large size-large wp-image-6856\" alt=\"\" srcset=\"https:\/\/tutatorforward.com\/wp-content\/uploads\/2025\/03\/home-image.png 691w, https:\/\/tutatorforward.com\/wp-content\/uploads\/2025\/03\/home-image-274x300.png 274w\" sizes=\"(max-width: 691px) 100vw, 691px\" \/>\t\t\t\t\t\t\t\t\t\t\t\t\t\t\t<\/div>\n\t\t\t\t<\/div>\n\t\t\t\t\t<\/div>\n\t\t\t\t<\/div>\n\t\t<div class=\"elementor-element elementor-element-ce98daa elementor-hidden-tablet elementor-hidden-mobile e-flex e-con-boxed e-con e-parent\" data-id=\"ce98daa\" data-element_type=\"container\" data-settings=\"{&quot;background_background&quot;:&quot;classic&quot;}\">\n\t\t\t\t\t<div class=\"e-con-inner\">\n\t\t<div class=\"elementor-element elementor-element-42fa1ea e-grid e-con-full e-con e-child\" data-id=\"42fa1ea\" data-element_type=\"container\">\n\t\t\t\t<div class=\"elementor-element elementor-element-4042776 elementor-widget elementor-widget-heading\" data-id=\"4042776\" data-element_type=\"widget\" data-widget_type=\"heading.default\">\n\t\t\t\t<div class=\"elementor-widget-container\">\n\t\t\t\t\t<h2 class=\"elementor-heading-title elementor-size-default\">Mantente al tanto<\/h2>\t\t\t\t<\/div>\n\t\t\t\t<\/div>\n\t\t\t\t<div class=\"elementor-element elementor-element-d4bd4d8 elementor-widget elementor-widget-heading\" data-id=\"d4bd4d8\" data-element_type=\"widget\" data-widget_type=\"heading.default\">\n\t\t\t\t<div class=\"elementor-widget-container\">\n\t\t\t\t\t<h2 class=\"elementor-heading-title elementor-size-default\">.<\/h2>\t\t\t\t<\/div>\n\t\t\t\t<\/div>\n\t\t\t\t<div class=\"elementor-element elementor-element-ee894f8 elementor-widget__width-initial elementor-widget elementor-widget-heading\" data-id=\"ee894f8\" data-element_type=\"widget\" data-widget_type=\"heading.default\">\n\t\t\t\t<div class=\"elementor-widget-container\">\n\t\t\t\t\t<h2 class=\"elementor-heading-title elementor-size-default\">Registra tu correo electr\u00f3nico para recibir actualizaciones de Tutator Forward.<\/h2>\t\t\t\t<\/div>\n\t\t\t\t<\/div>\n\t\t\t\t<div class=\"elementor-element elementor-element-ad8d616 elementor-widget elementor-widget-jet-form-builder-form\" data-id=\"ad8d616\" data-element_type=\"widget\" data-widget_type=\"jet-form-builder-form.default\">\n\t\t\t\t<div class=\"elementor-widget-container\">\n\t\t\t\t\t<link rel='stylesheet' id='wp-block-library-css' href='https:\/\/tutatorforward.com\/wp-includes\/css\/dist\/block-library\/style.min.css?ver=c2a202408f1281f6287d215fbecb8f36' media='all' \/>\n<link rel=\"preconnect\" href=\"https:\/\/fonts.gstatic.com\"><style id=\"jet-form-builder-8074-inline-css\">.jet-sm-gb-105553a6-e2c2-4576-af90-f3e6ca075d41 .jet-form-builder__action-button:hover:not(:disabled){background-color: ;} .jet-sm-gb-9ba515c2-452c-49c5-989f-056082ed0114 .jet-form-builder__desc.jet-form-builder__desc.jet-form-builder__desc{background-color: ;} .jet-sm-gb-b618c828-12fc-4903-9443-d683a070e5e9 .jet-form-builder__desc{background-color: ;} <\/style><form  class=\"jet-form-builder layout-column submit-type-ajax\" action=\"https:\/\/tutatorforward.com\/es\/wp-json\/wp\/v2\/pages\/6963\/?im0mF3=uBrlMXE7TA&amp;method=reload\" method=\"POST\" data-form-id=\"8074\" data-layout=\"column\" enctype=\"multipart\/form-data\" data-clear=\"1\" novalidate=\"null\" ssr_validation_method=\"rest\">\r\n<input type=\"hidden\" name=\"_jfb_current_render_states[]\" value=\"DEFAULT.STATE\" data-jfb-sync \/><input type=\"hidden\" class=\"jet-form-builder__field hidden-field\" name=\"_jet_engine_booking_form_id\" data-field-name=\"_jet_engine_booking_form_id\" value=\"8074\">\n<input type=\"hidden\" class=\"jet-form-builder__field hidden-field\" name=\"_jet_engine_refer\" data-field-name=\"_jet_engine_refer\" value=\"https:\/\/tutatorforward.com\/es\/wp-json\/wp\/v2\/pages\/6963\/\">\n<input type=\"hidden\" class=\"jet-form-builder__field hidden-field\" name=\"__queried_post_id\" data-field-name=\"__queried_post_id\" value=\"6963\">\n<div class=\" jet-sm-gb-wrapper jet-sm-gb-b618c828-12fc-4903-9443-d683a070e5e9\" data-block-id=\"jet-sm-gb-b618c828-12fc-4903-9443-d683a070e5e9\" ><div class=\"jet-form-builder__conditional \" data-jfb-conditional=\"[{&quot;operator&quot;:&quot;equal&quot;,&quot;value&quot;:&quot;unsent&quot;,&quot;field&quot;:&quot;manual_input&quot;,&quot;use_preset&quot;:false}]\" data-jfb-func=\"show\">\n\n<div class=\"wp-block-columns is-not-stacked-on-mobile is-layout-flex wp-container-core-columns-is-layout-7c9548a8 wp-block-columns-is-layout-flex\" style=\"padding-top:0;padding-right:0;padding-bottom:0;padding-left:0\">\n<div class=\"wp-block-column is-layout-flow wp-block-column-is-layout-flow\" style=\"flex-basis:12%\">\n<figure class=\"wp-block-image size-thumbnail\"><img decoding=\"async\" width=\"150\" height=\"150\" src=\"https:\/\/tutatorforward.com\/wp-content\/uploads\/2025\/03\/Captura-de-pantalla-2025-07-23-a-las-1.51.37-a.-m-150x150.png\" alt=\"\" class=\"wp-image-8035\" style=\"object-fit:contain\"\/><\/figure>\n<\/div>\n\n\n\n<div class=\"wp-block-column is-layout-flow wp-container-core-column-is-layout-b1a77923 wp-block-column-is-layout-flow\" style=\"border-style:none;border-width:0px;padding-top:0;padding-right:0;padding-bottom:0;padding-left:0;flex-basis:58%\"><div class=\" jet-sm-gb-wrapper jet-sm-gb-9ba515c2-452c-49c5-989f-056082ed0114\" data-block-id=\"jet-sm-gb-9ba515c2-452c-49c5-989f-056082ed0114\" ><div  class=\"jet-form-builder-row field-type-text-field\" >\n<div class=\"jet-form-builder__field-wrap\">\n\t\t\t\t<input required=\"required\" name=\"email\" id=\"email\" type=\"email\" data-field-name=\"email\" class=\"jet-form-builder__field text-field\" data-jfb-sync=\"null\" autocomplete=\"off_E3OK1AMo\">\n\t\t\t\t\t<\/div>\n<\/div><\/div><\/div>\n\n\n\n<div class=\"wp-block-column is-layout-flow wp-block-column-is-layout-flow\" style=\"flex-basis:30%\"><div class=\" jet-sm-gb-wrapper jet-sm-gb-105553a6-e2c2-4576-af90-f3e6ca075d41\" data-block-id=\"jet-sm-gb-105553a6-e2c2-4576-af90-f3e6ca075d41\" ><div  class=\"jet-form-builder-row field-type-submit-field\" >\n\t<div data-type=\"submit\" class=\"jet-form-builder__action-button-wrapper jet-form-builder__submit-wrap\">\n\t<button class=\"jet-form-builder__action-button jet-form-builder__submit submit-type-ajax\" type=\"submit\">REGISTRATE<\/button>\n\t<\/div>\n\t\n<\/div><\/div><\/div>\n<\/div>\n\n<\/div><\/div>\n\n\n<input type=\"hidden\" class=\"jet-form-builder__field hidden-field\" name=\"manual_input\" data-field-name=\"manual_input\" data-jfb-sync=\"null\" value=\"unsent\">\n\n\n\n\n<p><\/p>\n\t<div class=\"jet-form-builder-messages-wrap\" data-form-id=\"8074\"><\/div>\n<\/form>\n\t\t\t\t<\/div>\n\t\t\t\t<\/div>\n\t\t\t\t<\/div>\n\t\t\t\t\t<\/div>\n\t\t\t\t<\/div>\n\t\t<div class=\"elementor-element elementor-element-2be8cbb elementor-hidden-desktop e-flex e-con-boxed e-con e-parent\" data-id=\"2be8cbb\" data-element_type=\"container\" data-settings=\"{&quot;background_background&quot;:&quot;classic&quot;}\">\n\t\t\t\t\t<div class=\"e-con-inner\">\n\t\t<div class=\"elementor-element elementor-element-0007277 e-grid e-con-full e-con e-child\" data-id=\"0007277\" data-element_type=\"container\">\n\t\t\t\t<div class=\"elementor-element elementor-element-fad8384 elementor-widget elementor-widget-heading\" data-id=\"fad8384\" data-element_type=\"widget\" data-widget_type=\"heading.default\">\n\t\t\t\t<div class=\"elementor-widget-container\">\n\t\t\t\t\t<h2 class=\"elementor-heading-title elementor-size-default\">Mantente al tanto<\/h2>\t\t\t\t<\/div>\n\t\t\t\t<\/div>\n\t\t\t\t<div class=\"elementor-element elementor-element-9c2a5c9 elementor-widget__width-initial elementor-widget elementor-widget-heading\" data-id=\"9c2a5c9\" data-element_type=\"widget\" data-widget_type=\"heading.default\">\n\t\t\t\t<div class=\"elementor-widget-container\">\n\t\t\t\t\t<h2 class=\"elementor-heading-title elementor-size-default\">Registra tu correo electr\u00f3nico para recibir actualizaciones de Tutator Forward.<\/h2>\t\t\t\t<\/div>\n\t\t\t\t<\/div>\n\t\t\t\t<div class=\"elementor-element elementor-element-e524b8e elementor-widget-mobile__width-inherit elementor-widget elementor-widget-jet-form-builder-form\" data-id=\"e524b8e\" data-element_type=\"widget\" data-widget_type=\"jet-form-builder-form.default\">\n\t\t\t\t<div class=\"elementor-widget-container\">\n\t\t\t\t\t<link rel=\"preconnect\" href=\"https:\/\/fonts.gstatic.com\"><style id=\"jet-form-builder-8074-inline-css\">.jet-sm-gb-105553a6-e2c2-4576-af90-f3e6ca075d41 .jet-form-builder__action-button:hover:not(:disabled){background-color: ;} .jet-sm-gb-9ba515c2-452c-49c5-989f-056082ed0114 .jet-form-builder__desc.jet-form-builder__desc.jet-form-builder__desc{background-color: ;} .jet-sm-gb-b618c828-12fc-4903-9443-d683a070e5e9 .jet-form-builder__desc{background-color: ;} <\/style><form  class=\"jet-form-builder layout-column submit-type-ajax\" action=\"https:\/\/tutatorforward.com\/es\/wp-json\/wp\/v2\/pages\/6963\/?im0mF3=uBrlMXE7TA&amp;method=reload\" method=\"POST\" data-form-id=\"8074\" data-layout=\"column\" enctype=\"multipart\/form-data\" data-clear=\"1\" novalidate=\"null\" ssr_validation_method=\"rest\">\r\n<input type=\"hidden\" name=\"_jfb_current_render_states[]\" value=\"DEFAULT.STATE\" data-jfb-sync \/><input type=\"hidden\" class=\"jet-form-builder__field hidden-field\" name=\"_jet_engine_booking_form_id\" data-field-name=\"_jet_engine_booking_form_id\" value=\"8074\">\n<input type=\"hidden\" class=\"jet-form-builder__field hidden-field\" name=\"_jet_engine_refer\" data-field-name=\"_jet_engine_refer\" value=\"https:\/\/tutatorforward.com\/es\/wp-json\/wp\/v2\/pages\/6963\/\">\n<input type=\"hidden\" class=\"jet-form-builder__field hidden-field\" name=\"__queried_post_id\" data-field-name=\"__queried_post_id\" value=\"6963\">\n<div class=\" jet-sm-gb-wrapper jet-sm-gb-b618c828-12fc-4903-9443-d683a070e5e9\" data-block-id=\"jet-sm-gb-b618c828-12fc-4903-9443-d683a070e5e9\" ><div class=\"jet-form-builder__conditional \" data-jfb-conditional=\"[{&quot;operator&quot;:&quot;equal&quot;,&quot;value&quot;:&quot;unsent&quot;,&quot;field&quot;:&quot;manual_input&quot;,&quot;use_preset&quot;:false}]\" data-jfb-func=\"show\">\n\n<div class=\"wp-block-columns is-not-stacked-on-mobile is-layout-flex wp-container-core-columns-is-layout-7c9548a8 wp-block-columns-is-layout-flex\" style=\"padding-top:0;padding-right:0;padding-bottom:0;padding-left:0\">\n<div class=\"wp-block-column is-layout-flow wp-block-column-is-layout-flow\" style=\"flex-basis:12%\">\n<figure class=\"wp-block-image size-thumbnail\"><img decoding=\"async\" width=\"150\" height=\"150\" src=\"https:\/\/tutatorforward.com\/wp-content\/uploads\/2025\/03\/Captura-de-pantalla-2025-07-23-a-las-1.51.37-a.-m-150x150.png\" alt=\"\" class=\"wp-image-8035\" style=\"object-fit:contain\"\/><\/figure>\n<\/div>\n\n\n\n<div class=\"wp-block-column is-layout-flow wp-container-core-column-is-layout-b1a77923 wp-block-column-is-layout-flow\" style=\"border-style:none;border-width:0px;padding-top:0;padding-right:0;padding-bottom:0;padding-left:0;flex-basis:58%\"><div class=\" jet-sm-gb-wrapper jet-sm-gb-9ba515c2-452c-49c5-989f-056082ed0114\" data-block-id=\"jet-sm-gb-9ba515c2-452c-49c5-989f-056082ed0114\" ><div  class=\"jet-form-builder-row field-type-text-field\" >\n<div class=\"jet-form-builder__field-wrap\">\n\t\t\t\t<input required=\"required\" name=\"email\" id=\"email_1\" type=\"email\" data-field-name=\"email\" class=\"jet-form-builder__field text-field\" data-jfb-sync=\"null\" autocomplete=\"off_wfOQizjV\">\n\t\t\t\t\t<\/div>\n<\/div><\/div><\/div>\n\n\n\n<div class=\"wp-block-column is-layout-flow wp-block-column-is-layout-flow\" style=\"flex-basis:30%\"><div class=\" jet-sm-gb-wrapper jet-sm-gb-105553a6-e2c2-4576-af90-f3e6ca075d41\" data-block-id=\"jet-sm-gb-105553a6-e2c2-4576-af90-f3e6ca075d41\" ><div  class=\"jet-form-builder-row field-type-submit-field\" >\n\t<div data-type=\"submit\" class=\"jet-form-builder__action-button-wrapper jet-form-builder__submit-wrap\">\n\t<button class=\"jet-form-builder__action-button jet-form-builder__submit submit-type-ajax\" type=\"submit\">REGISTRATE<\/button>\n\t<\/div>\n\t\n<\/div><\/div><\/div>\n<\/div>\n\n<\/div><\/div>\n\n\n<input type=\"hidden\" class=\"jet-form-builder__field hidden-field\" name=\"manual_input\" data-field-name=\"manual_input\" data-jfb-sync=\"null\" value=\"unsent\">\n\n\n\n\n<p><\/p>\n\t<div class=\"jet-form-builder-messages-wrap\" data-form-id=\"8074\"><\/div>\n<\/form>\n\t\t\t\t<\/div>\n\t\t\t\t<\/div>\n\t\t\t\t<\/div>\n\t\t\t\t\t<\/div>\n\t\t\t\t<\/div>\n\t\t\t\t<\/div>\n\t\t","protected":false},"excerpt":{"rendered":"<p>Tutator Forward 2025: Impulsando el cambio a trav\u00e9s de la Tecnolog\u00eda Nuestro programa de subvenciones en especie se asocia con organizaciones como la tuya para crear soluciones digitales personalizadas que impulsen un impacto social y medioambiental real. \u00bfEst\u00e1s preparado para impulsar tu misi\u00f3n con una tecnolog\u00eda hecha a tu medida? Conoce m\u00e1s Mantente al tanto [&hellip;]<\/p>\n","protected":false},"author":1,"featured_media":2453,"parent":0,"menu_order":0,"comment_status":"closed","ping_status":"closed","template":"","meta":{"_jet_sm_ready_style":"","_jet_sm_style":"","_jet_sm_controls_values":"","_jet_sm_fonts_collection":"","_jet_sm_fonts_links":"","footnotes":""},"class_list":["post-6963","page","type-page","status-publish","has-post-thumbnail","hentry"],"yoast_head":"<!-- This site is optimized with the Yoast SEO plugin v27.4 - https:\/\/yoast.com\/product\/yoast-seo-wordpress\/ -->\n<title>Tutator Forward<\/title>\n<meta name=\"description\" content=\"Tutator Forward \u00bfPreparado para elevar el impacto de tu organizaci\u00f3n? \u00danete a Tutator Adelante nuestro programa de becas definitivo que cumple tus objetivos.\" \/>\n<meta name=\"robots\" content=\"index, follow, max-snippet:-1, max-image-preview:large, max-video-preview:-1\" \/>\n<link rel=\"canonical\" href=\"https:\/\/tutatorforward.com\/es\/inicio-3\/\" \/>\n<meta property=\"og:locale\" content=\"es_ES\" \/>\n<meta property=\"og:type\" content=\"article\" \/>\n<meta property=\"og:title\" content=\"Tutator Forward\" \/>\n<meta property=\"og:description\" content=\"Tutator Forward \u00bfPreparado para elevar el impacto de tu organizaci\u00f3n? \u00danete a Tutator Adelante nuestro programa de becas definitivo que cumple tus objetivos.\" \/>\n<meta property=\"og:url\" content=\"https:\/\/tutatorforward.com\/es\/inicio-3\/\" \/>\n<meta property=\"og:site_name\" content=\"Tutator Forward\" \/>\n<meta property=\"article:publisher\" content=\"https:\/\/www.facebook.com\/TutatorDevelopment\" \/>\n<meta property=\"article:modified_time\" content=\"2025-08-19T18:35:00+00:00\" \/>\n<meta property=\"og:image\" content=\"https:\/\/testing.tutatordev.com\/wp-content\/uploads\/2023\/10\/Logo-1.jpg\" \/>\n<meta name=\"twitter:card\" content=\"summary_large_image\" \/>\n<meta name=\"twitter:site\" content=\"@TutatorDev\" \/>\n<meta name=\"twitter:label1\" content=\"Tiempo de lectura\" \/>\n\t<meta name=\"twitter:data1\" content=\"1 minuto\" \/>\n<script type=\"application\/ld+json\" class=\"yoast-schema-graph\">{\"@context\":\"https:\\\/\\\/schema.org\",\"@graph\":[{\"@type\":\"WebPage\",\"@id\":\"https:\\\/\\\/tutatorforward.com\\\/es\\\/inicio-3\\\/\",\"url\":\"https:\\\/\\\/tutatorforward.com\\\/es\\\/inicio-3\\\/\",\"name\":\"Tutator Forward\",\"isPartOf\":{\"@id\":\"https:\\\/\\\/tutatorforward.com\\\/es\\\/#website\"},\"primaryImageOfPage\":{\"@id\":\"https:\\\/\\\/tutatorforward.com\\\/es\\\/inicio-3\\\/#primaryimage\"},\"image\":{\"@id\":\"https:\\\/\\\/tutatorforward.com\\\/es\\\/inicio-3\\\/#primaryimage\"},\"thumbnailUrl\":\"https:\\\/\\\/tutatorforward.com\\\/wp-content\\\/uploads\\\/2023\\\/05\\\/Logo_Tutator_FWD_H.png\",\"datePublished\":\"2025-03-17T04:21:30+00:00\",\"dateModified\":\"2025-08-19T18:35:00+00:00\",\"description\":\"Tutator Forward \u00bfPreparado para elevar el impacto de tu organizaci\u00f3n? \u00danete a Tutator Adelante nuestro programa de becas definitivo que cumple tus objetivos.\",\"breadcrumb\":{\"@id\":\"https:\\\/\\\/tutatorforward.com\\\/es\\\/inicio-3\\\/#breadcrumb\"},\"inLanguage\":\"es\",\"potentialAction\":[{\"@type\":\"ReadAction\",\"target\":[\"https:\\\/\\\/tutatorforward.com\\\/es\\\/inicio-3\\\/\"]}]},{\"@type\":\"ImageObject\",\"inLanguage\":\"es\",\"@id\":\"https:\\\/\\\/tutatorforward.com\\\/es\\\/inicio-3\\\/#primaryimage\",\"url\":\"https:\\\/\\\/tutatorforward.com\\\/wp-content\\\/uploads\\\/2023\\\/05\\\/Logo_Tutator_FWD_H.png\",\"contentUrl\":\"https:\\\/\\\/tutatorforward.com\\\/wp-content\\\/uploads\\\/2023\\\/05\\\/Logo_Tutator_FWD_H.png\",\"width\":144,\"height\":40},{\"@type\":\"BreadcrumbList\",\"@id\":\"https:\\\/\\\/tutatorforward.com\\\/es\\\/inicio-3\\\/#breadcrumb\",\"itemListElement\":[{\"@type\":\"ListItem\",\"position\":1,\"name\":\"Home\",\"item\":\"https:\\\/\\\/tutatorforward.com\\\/es\\\/\"},{\"@type\":\"ListItem\",\"position\":2,\"name\":\"Inicio\"}]},{\"@type\":\"WebSite\",\"@id\":\"https:\\\/\\\/tutatorforward.com\\\/es\\\/#website\",\"url\":\"https:\\\/\\\/tutatorforward.com\\\/es\\\/\",\"name\":\"Tutator Forward\",\"description\":\"\",\"publisher\":{\"@id\":\"https:\\\/\\\/tutatorforward.com\\\/es\\\/#organization\"},\"potentialAction\":[{\"@type\":\"SearchAction\",\"target\":{\"@type\":\"EntryPoint\",\"urlTemplate\":\"https:\\\/\\\/tutatorforward.com\\\/es\\\/?s={search_term_string}\"},\"query-input\":{\"@type\":\"PropertyValueSpecification\",\"valueRequired\":true,\"valueName\":\"search_term_string\"}}],\"inLanguage\":\"es\"},{\"@type\":\"Organization\",\"@id\":\"https:\\\/\\\/tutatorforward.com\\\/es\\\/#organization\",\"name\":\"Fondation Tutator\",\"url\":\"https:\\\/\\\/tutatorforward.com\\\/es\\\/\",\"logo\":{\"@type\":\"ImageObject\",\"inLanguage\":\"es\",\"@id\":\"https:\\\/\\\/tutatorforward.com\\\/es\\\/#\\\/schema\\\/logo\\\/image\\\/\",\"url\":\"https:\\\/\\\/tutatorforward.com\\\/wp-content\\\/uploads\\\/2023\\\/05\\\/Logo_Tutator_FWD_H.png\",\"contentUrl\":\"https:\\\/\\\/tutatorforward.com\\\/wp-content\\\/uploads\\\/2023\\\/05\\\/Logo_Tutator_FWD_H.png\",\"width\":144,\"height\":40,\"caption\":\"Fondation Tutator\"},\"image\":{\"@id\":\"https:\\\/\\\/tutatorforward.com\\\/es\\\/#\\\/schema\\\/logo\\\/image\\\/\"},\"sameAs\":[\"https:\\\/\\\/www.facebook.com\\\/TutatorDevelopment\",\"https:\\\/\\\/x.com\\\/TutatorDev\",\"https:\\\/\\\/www.instagram.com\\\/fondation.tutator\\\/\",\"https:\\\/\\\/www.linkedin.com\\\/company\\\/tutator\",\"https:\\\/\\\/www.youtube.com\\\/@tutatorfondation7155\"]}]}<\/script>\n<!-- \/ Yoast SEO plugin. -->","yoast_head_json":{"title":"Tutator Forward","description":"Tutator Forward \u00bfPreparado para elevar el impacto de tu organizaci\u00f3n? \u00danete a Tutator Adelante nuestro programa de becas definitivo que cumple tus objetivos.","robots":{"index":"index","follow":"follow","max-snippet":"max-snippet:-1","max-image-preview":"max-image-preview:large","max-video-preview":"max-video-preview:-1"},"canonical":"https:\/\/tutatorforward.com\/es\/inicio-3\/","og_locale":"es_ES","og_type":"article","og_title":"Tutator Forward","og_description":"Tutator Forward \u00bfPreparado para elevar el impacto de tu organizaci\u00f3n? \u00danete a Tutator Adelante nuestro programa de becas definitivo que cumple tus objetivos.","og_url":"https:\/\/tutatorforward.com\/es\/inicio-3\/","og_site_name":"Tutator Forward","article_publisher":"https:\/\/www.facebook.com\/TutatorDevelopment","article_modified_time":"2025-08-19T18:35:00+00:00","og_image":[{"url":"https:\/\/testing.tutatordev.com\/wp-content\/uploads\/2023\/10\/Logo-1.jpg","type":"","width":"","height":""}],"twitter_card":"summary_large_image","twitter_site":"@TutatorDev","twitter_misc":{"Tiempo de lectura":"1 minuto"},"schema":{"@context":"https:\/\/schema.org","@graph":[{"@type":"WebPage","@id":"https:\/\/tutatorforward.com\/es\/inicio-3\/","url":"https:\/\/tutatorforward.com\/es\/inicio-3\/","name":"Tutator Forward","isPartOf":{"@id":"https:\/\/tutatorforward.com\/es\/#website"},"primaryImageOfPage":{"@id":"https:\/\/tutatorforward.com\/es\/inicio-3\/#primaryimage"},"image":{"@id":"https:\/\/tutatorforward.com\/es\/inicio-3\/#primaryimage"},"thumbnailUrl":"https:\/\/tutatorforward.com\/wp-content\/uploads\/2023\/05\/Logo_Tutator_FWD_H.png","datePublished":"2025-03-17T04:21:30+00:00","dateModified":"2025-08-19T18:35:00+00:00","description":"Tutator Forward \u00bfPreparado para elevar el impacto de tu organizaci\u00f3n? \u00danete a Tutator Adelante nuestro programa de becas definitivo que cumple tus objetivos.","breadcrumb":{"@id":"https:\/\/tutatorforward.com\/es\/inicio-3\/#breadcrumb"},"inLanguage":"es","potentialAction":[{"@type":"ReadAction","target":["https:\/\/tutatorforward.com\/es\/inicio-3\/"]}]},{"@type":"ImageObject","inLanguage":"es","@id":"https:\/\/tutatorforward.com\/es\/inicio-3\/#primaryimage","url":"https:\/\/tutatorforward.com\/wp-content\/uploads\/2023\/05\/Logo_Tutator_FWD_H.png","contentUrl":"https:\/\/tutatorforward.com\/wp-content\/uploads\/2023\/05\/Logo_Tutator_FWD_H.png","width":144,"height":40},{"@type":"BreadcrumbList","@id":"https:\/\/tutatorforward.com\/es\/inicio-3\/#breadcrumb","itemListElement":[{"@type":"ListItem","position":1,"name":"Home","item":"https:\/\/tutatorforward.com\/es\/"},{"@type":"ListItem","position":2,"name":"Inicio"}]},{"@type":"WebSite","@id":"https:\/\/tutatorforward.com\/es\/#website","url":"https:\/\/tutatorforward.com\/es\/","name":"Tutator Forward","description":"","publisher":{"@id":"https:\/\/tutatorforward.com\/es\/#organization"},"potentialAction":[{"@type":"SearchAction","target":{"@type":"EntryPoint","urlTemplate":"https:\/\/tutatorforward.com\/es\/?s={search_term_string}"},"query-input":{"@type":"PropertyValueSpecification","valueRequired":true,"valueName":"search_term_string"}}],"inLanguage":"es"},{"@type":"Organization","@id":"https:\/\/tutatorforward.com\/es\/#organization","name":"Fondation Tutator","url":"https:\/\/tutatorforward.com\/es\/","logo":{"@type":"ImageObject","inLanguage":"es","@id":"https:\/\/tutatorforward.com\/es\/#\/schema\/logo\/image\/","url":"https:\/\/tutatorforward.com\/wp-content\/uploads\/2023\/05\/Logo_Tutator_FWD_H.png","contentUrl":"https:\/\/tutatorforward.com\/wp-content\/uploads\/2023\/05\/Logo_Tutator_FWD_H.png","width":144,"height":40,"caption":"Fondation Tutator"},"image":{"@id":"https:\/\/tutatorforward.com\/es\/#\/schema\/logo\/image\/"},"sameAs":["https:\/\/www.facebook.com\/TutatorDevelopment","https:\/\/x.com\/TutatorDev","https:\/\/www.instagram.com\/fondation.tutator\/","https:\/\/www.linkedin.com\/company\/tutator","https:\/\/www.youtube.com\/@tutatorfondation7155"]}]}},"_links":{"self":[{"href":"https:\/\/tutatorforward.com\/es\/wp-json\/wp\/v2\/pages\/6963","targetHints":{"allow":["GET"]}}],"collection":[{"href":"https:\/\/tutatorforward.com\/es\/wp-json\/wp\/v2\/pages"}],"about":[{"href":"https:\/\/tutatorforward.com\/es\/wp-json\/wp\/v2\/types\/page"}],"author":[{"embeddable":true,"href":"https:\/\/tutatorforward.com\/es\/wp-json\/wp\/v2\/users\/1"}],"replies":[{"embeddable":true,"href":"https:\/\/tutatorforward.com\/es\/wp-json\/wp\/v2\/comments?post=6963"}],"version-history":[{"count":52,"href":"https:\/\/tutatorforward.com\/es\/wp-json\/wp\/v2\/pages\/6963\/revisions"}],"predecessor-version":[{"id":8769,"href":"https:\/\/tutatorforward.com\/es\/wp-json\/wp\/v2\/pages\/6963\/revisions\/8769"}],"wp:featuredmedia":[{"embeddable":true,"href":"https:\/\/tutatorforward.com\/es\/wp-json\/wp\/v2\/media\/2453"}],"wp:attachment":[{"href":"https:\/\/tutatorforward.com\/es\/wp-json\/wp\/v2\/media?parent=6963"}],"curies":[{"name":"wp","href":"https:\/\/api.w.org\/{rel}","templated":true}]}}