{"id":3251,"date":"2023-10-04T21:55:17","date_gmt":"2023-10-04T21:55:17","guid":{"rendered":"https:\/\/tutatorforward.com\/descargo-de-responsabilidad\/"},"modified":"2023-10-04T21:55:17","modified_gmt":"2023-10-04T21:55:17","slug":"descargo-de-responsabilidad","status":"publish","type":"page","link":"https:\/\/tutatorforward.com\/es\/descargo-de-responsabilidad\/","title":{"rendered":"Descargo de responsabilidad"},"content":{"rendered":"\n<!-- Legal document generated by Complianz | GDPR\/CCPA Cookie Consent https:\/\/wordpress.org\/plugins\/complianz-gdpr -->\n<div id=\"cmplz-document\" class=\"cmplz-document disclaimer cmplz-document-all\"><p>Fondation Tutator se compromete a mantener esta web actualizada y precisa. Si, a pesar de todo, encontrara algo incorrecto o desactualizado, le agradecer\u00edamos que nos lo hiciera saber. Por favor, indique en qu\u00e9 parte de la web ha le\u00eddo la informaci\u00f3n. La revisaremos lo antes posible. Por favor, env\u00ede su duda por correo electr\u00f3nico a: <span class=\"cmplz-obfuscate\">&#099;ont&#097;ct@<span class=\"cmplz-fmail-domain\">ex.&#099;&#111;&#109;<\/span>t&#117;t&#097;&#116;&#111;r.net<\/span>.<\/p><p>Cualquier dato personal que nos proporcione en el contexto de su respuesta o solicitud de informaci\u00f3n s\u00f3lo se utilizar\u00e1 de acuerdo con nuestra declaraci\u00f3n de privacidad.<\/p><p>Todos los derechos de propiedad intelectual sobre el contenido de esta web pertenecen a Fondation Tutator.<\/p><p>La copia, difusi\u00f3n y cualquier otro uso de estos materiales no est\u00e1 permitido sin el permiso escrito de Fondation Tutator, excepto y s\u00f3lo en la medida en que se estipule lo contrario en los reglamentos de la ley obligatoria (como el derecho de cita), a menos que el contenido espec\u00edfico dicte lo contrario.<\/p><p>Si tiene alguna pregunta o problema con la accesibilidad de la web, no dude en ponerse en contacto con nosotros.<\/p><\/div>\n","protected":false},"excerpt":{"rendered":"","protected":false},"author":1,"featured_media":0,"parent":0,"menu_order":0,"comment_status":"closed","ping_status":"closed","template":"","meta":{"_jet_sm_ready_style":"","_jet_sm_style":"","_jet_sm_controls_values":"","_jet_sm_fonts_collection":"","_jet_sm_fonts_links":"","footnotes":""},"class_list":["post-3251","page","type-page","status-publish","hentry"],"yoast_head":"<!-- This site is optimized with the Yoast SEO plugin v27.4 - https:\/\/yoast.com\/product\/yoast-seo-wordpress\/ -->\n<title>Descargo de responsabilidad - Tutator Forward<\/title>\n<meta name=\"robots\" content=\"index, follow, max-snippet:-1, max-image-preview:large, max-video-preview:-1\" \/>\n<link rel=\"canonical\" href=\"https:\/\/tutatorforward.com\/es\/descargo-de-responsabilidad\/\" \/>\n<meta property=\"og:locale\" content=\"es_ES\" \/>\n<meta property=\"og:type\" content=\"article\" \/>\n<meta property=\"og:title\" content=\"Descargo de responsabilidad - Tutator Forward\" \/>\n<meta property=\"og:url\" content=\"https:\/\/tutatorforward.com\/es\/descargo-de-responsabilidad\/\" \/>\n<meta property=\"og:site_name\" content=\"Tutator Forward\" \/>\n<meta property=\"article:publisher\" content=\"https:\/\/www.facebook.com\/TutatorDevelopment\" \/>\n<meta property=\"og:image\" content=\"https:\/\/tutatorforward.com\/wp-content\/uploads\/2023\/05\/Logo.png\" \/>\n\t<meta property=\"og:image:width\" content=\"128\" \/>\n\t<meta property=\"og:image:height\" content=\"64\" \/>\n\t<meta property=\"og:image:type\" content=\"image\/png\" \/>\n<meta name=\"twitter:card\" content=\"summary_large_image\" \/>\n<meta name=\"twitter:site\" content=\"@TutatorDev\" \/>\n<script type=\"application\/ld+json\" class=\"yoast-schema-graph\">{\"@context\":\"https:\\\/\\\/schema.org\",\"@graph\":[{\"@type\":\"WebPage\",\"@id\":\"https:\\\/\\\/tutatorforward.com\\\/es\\\/descargo-de-responsabilidad\\\/\",\"url\":\"https:\\\/\\\/tutatorforward.com\\\/es\\\/descargo-de-responsabilidad\\\/\",\"name\":\"Descargo de responsabilidad - Tutator Forward\",\"isPartOf\":{\"@id\":\"https:\\\/\\\/tutatorforward.com\\\/es\\\/#website\"},\"datePublished\":\"2023-10-04T21:55:17+00:00\",\"breadcrumb\":{\"@id\":\"https:\\\/\\\/tutatorforward.com\\\/es\\\/descargo-de-responsabilidad\\\/#breadcrumb\"},\"inLanguage\":\"es\",\"potentialAction\":[{\"@type\":\"ReadAction\",\"target\":[\"https:\\\/\\\/tutatorforward.com\\\/es\\\/descargo-de-responsabilidad\\\/\"]}]},{\"@type\":\"BreadcrumbList\",\"@id\":\"https:\\\/\\\/tutatorforward.com\\\/es\\\/descargo-de-responsabilidad\\\/#breadcrumb\",\"itemListElement\":[{\"@type\":\"ListItem\",\"position\":1,\"name\":\"Home\",\"item\":\"https:\\\/\\\/tutatorforward.com\\\/es\\\/\"},{\"@type\":\"ListItem\",\"position\":2,\"name\":\"Descargo de responsabilidad\"}]},{\"@type\":\"WebSite\",\"@id\":\"https:\\\/\\\/tutatorforward.com\\\/es\\\/#website\",\"url\":\"https:\\\/\\\/tutatorforward.com\\\/es\\\/\",\"name\":\"Tutator Forward\",\"description\":\"\",\"publisher\":{\"@id\":\"https:\\\/\\\/tutatorforward.com\\\/es\\\/#organization\"},\"potentialAction\":[{\"@type\":\"SearchAction\",\"target\":{\"@type\":\"EntryPoint\",\"urlTemplate\":\"https:\\\/\\\/tutatorforward.com\\\/es\\\/?s={search_term_string}\"},\"query-input\":{\"@type\":\"PropertyValueSpecification\",\"valueRequired\":true,\"valueName\":\"search_term_string\"}}],\"inLanguage\":\"es\"},{\"@type\":\"Organization\",\"@id\":\"https:\\\/\\\/tutatorforward.com\\\/es\\\/#organization\",\"name\":\"Fondation Tutator\",\"url\":\"https:\\\/\\\/tutatorforward.com\\\/es\\\/\",\"logo\":{\"@type\":\"ImageObject\",\"inLanguage\":\"es\",\"@id\":\"https:\\\/\\\/tutatorforward.com\\\/es\\\/#\\\/schema\\\/logo\\\/image\\\/\",\"url\":\"https:\\\/\\\/tutatorforward.com\\\/wp-content\\\/uploads\\\/2023\\\/05\\\/Logo_Tutator_FWD_H.png\",\"contentUrl\":\"https:\\\/\\\/tutatorforward.com\\\/wp-content\\\/uploads\\\/2023\\\/05\\\/Logo_Tutator_FWD_H.png\",\"width\":144,\"height\":40,\"caption\":\"Fondation Tutator\"},\"image\":{\"@id\":\"https:\\\/\\\/tutatorforward.com\\\/es\\\/#\\\/schema\\\/logo\\\/image\\\/\"},\"sameAs\":[\"https:\\\/\\\/www.facebook.com\\\/TutatorDevelopment\",\"https:\\\/\\\/x.com\\\/TutatorDev\",\"https:\\\/\\\/www.instagram.com\\\/fondation.tutator\\\/\",\"https:\\\/\\\/www.linkedin.com\\\/company\\\/tutator\",\"https:\\\/\\\/www.youtube.com\\\/@tutatorfondation7155\"]}]}<\/script>\n<!-- \/ Yoast SEO plugin. -->","yoast_head_json":{"title":"Descargo de responsabilidad - Tutator Forward","robots":{"index":"index","follow":"follow","max-snippet":"max-snippet:-1","max-image-preview":"max-image-preview:large","max-video-preview":"max-video-preview:-1"},"canonical":"https:\/\/tutatorforward.com\/es\/descargo-de-responsabilidad\/","og_locale":"es_ES","og_type":"article","og_title":"Descargo de responsabilidad - Tutator Forward","og_url":"https:\/\/tutatorforward.com\/es\/descargo-de-responsabilidad\/","og_site_name":"Tutator Forward","article_publisher":"https:\/\/www.facebook.com\/TutatorDevelopment","og_image":[{"width":128,"height":64,"url":"https:\/\/tutatorforward.com\/wp-content\/uploads\/2023\/05\/Logo.png","type":"image\/png"}],"twitter_card":"summary_large_image","twitter_site":"@TutatorDev","schema":{"@context":"https:\/\/schema.org","@graph":[{"@type":"WebPage","@id":"https:\/\/tutatorforward.com\/es\/descargo-de-responsabilidad\/","url":"https:\/\/tutatorforward.com\/es\/descargo-de-responsabilidad\/","name":"Descargo de responsabilidad - Tutator Forward","isPartOf":{"@id":"https:\/\/tutatorforward.com\/es\/#website"},"datePublished":"2023-10-04T21:55:17+00:00","breadcrumb":{"@id":"https:\/\/tutatorforward.com\/es\/descargo-de-responsabilidad\/#breadcrumb"},"inLanguage":"es","potentialAction":[{"@type":"ReadAction","target":["https:\/\/tutatorforward.com\/es\/descargo-de-responsabilidad\/"]}]},{"@type":"BreadcrumbList","@id":"https:\/\/tutatorforward.com\/es\/descargo-de-responsabilidad\/#breadcrumb","itemListElement":[{"@type":"ListItem","position":1,"name":"Home","item":"https:\/\/tutatorforward.com\/es\/"},{"@type":"ListItem","position":2,"name":"Descargo de responsabilidad"}]},{"@type":"WebSite","@id":"https:\/\/tutatorforward.com\/es\/#website","url":"https:\/\/tutatorforward.com\/es\/","name":"Tutator Forward","description":"","publisher":{"@id":"https:\/\/tutatorforward.com\/es\/#organization"},"potentialAction":[{"@type":"SearchAction","target":{"@type":"EntryPoint","urlTemplate":"https:\/\/tutatorforward.com\/es\/?s={search_term_string}"},"query-input":{"@type":"PropertyValueSpecification","valueRequired":true,"valueName":"search_term_string"}}],"inLanguage":"es"},{"@type":"Organization","@id":"https:\/\/tutatorforward.com\/es\/#organization","name":"Fondation Tutator","url":"https:\/\/tutatorforward.com\/es\/","logo":{"@type":"ImageObject","inLanguage":"es","@id":"https:\/\/tutatorforward.com\/es\/#\/schema\/logo\/image\/","url":"https:\/\/tutatorforward.com\/wp-content\/uploads\/2023\/05\/Logo_Tutator_FWD_H.png","contentUrl":"https:\/\/tutatorforward.com\/wp-content\/uploads\/2023\/05\/Logo_Tutator_FWD_H.png","width":144,"height":40,"caption":"Fondation Tutator"},"image":{"@id":"https:\/\/tutatorforward.com\/es\/#\/schema\/logo\/image\/"},"sameAs":["https:\/\/www.facebook.com\/TutatorDevelopment","https:\/\/x.com\/TutatorDev","https:\/\/www.instagram.com\/fondation.tutator\/","https:\/\/www.linkedin.com\/company\/tutator","https:\/\/www.youtube.com\/@tutatorfondation7155"]}]}},"_links":{"self":[{"href":"https:\/\/tutatorforward.com\/es\/wp-json\/wp\/v2\/pages\/3251","targetHints":{"allow":["GET"]}}],"collection":[{"href":"https:\/\/tutatorforward.com\/es\/wp-json\/wp\/v2\/pages"}],"about":[{"href":"https:\/\/tutatorforward.com\/es\/wp-json\/wp\/v2\/types\/page"}],"author":[{"embeddable":true,"href":"https:\/\/tutatorforward.com\/es\/wp-json\/wp\/v2\/users\/1"}],"replies":[{"embeddable":true,"href":"https:\/\/tutatorforward.com\/es\/wp-json\/wp\/v2\/comments?post=3251"}],"version-history":[{"count":0,"href":"https:\/\/tutatorforward.com\/es\/wp-json\/wp\/v2\/pages\/3251\/revisions"}],"wp:attachment":[{"href":"https:\/\/tutatorforward.com\/es\/wp-json\/wp\/v2\/media?parent=3251"}],"curies":[{"name":"wp","href":"https:\/\/api.w.org\/{rel}","templated":true}]}}